{"id":9175,"date":"2024-09-19T16:00:44","date_gmt":"2024-09-19T16:00:44","guid":{"rendered":"https:\/\/ciitlatamcongress.com\/?page_id=9175"},"modified":"2026-01-26T17:05:52","modified_gmt":"2026-01-26T17:05:52","slug":"formulario-de-auspiciador-2025","status":"publish","type":"page","link":"https:\/\/ciitlatamcongress.com\/en\/formulario-de-auspiciador-2025\/","title":{"rendered":"Formulario de auspiciador 2025"},"content":{"rendered":"<section class=\"vc_row wpb_row vc_row-fluid jx-wexsummit-padding no\"><div class=\"container\"><div class=\"row\"><div class=\"wpb_column vc_column_container vc_col-sm-12\"><div class=\"vc_column-inner vc_custom_1574192549376\"><div class=\"wpb_wrapper\"><div class=\"vc_btn3-container vc_btn3-center vc_custom_1769447146979\" >\n\t<a class=\"vc_general vc_btn3 vc_btn3-size-md vc_btn3-shape-rounded vc_btn3-style-classic vc_btn3-icon-left vc_btn3-color-violet\" href=\"https:\/\/ciitlatamcongress.com\/en\/categorias-de-auspicios\/\" title=\"Sponsorship Categories\"><i class=\"vc_btn3-icon fa fa-arrow-circle-left\"><\/i> Back to sponsorship categories<\/a><\/div>\n<div class=\"vc_separator wpb_content_element vc_separator_align_center vc_sep_width_100 vc_sep_pos_align_center vc_separator_no_text vc_sep_color_grey\" ><span class=\"vc_sep_holder vc_sep_holder_l\"><span  class=\"vc_sep_line\"><\/span><\/span><span class=\"vc_sep_holder vc_sep_holder_r\"><span  class=\"vc_sep_line\"><\/span><\/span>\n<\/div><div class=\"vc_empty_space\"   style=\"height: 32px\" ><span class=\"vc_empty_space_inner\"><\/span><\/div>\n\n\t\t<!-- BDF CONTACT LINKS -->\n\t\t\t  <div class=\"jx-wexsummit-contactpage\">\n\t\t\t\t<div class=\"container\">\n\t\t\t\t  <div class=\"row\">\n\t\t\t\t\t<div class=\"col-md-12  less-top-page\">\n\t\t\t\t\t  <div class=\"inner-box\">\n\t\t\t\t\t\t<div class=\"row\">\n\n\t\t\t\t\t\t  <div class=\"col-sm-6 less-right-0px\">\n\t\t\t\t\t\t\t<div class=\"col-left\">\n\t\t\t\t\t\t\t  <h2>I want to be a sponsor<\/h2>\n\t\t\t\t\t\t\t  <div class=\"space20\"><\/div>\n\t\t\t\t\t\t\t  To learn more about our event, please complete this form to receive sponsorship information.\n\t\t\t\t\t\t\t  <div class=\"contact-info\">\n\t\t\t\t\t\t\t\t<ul>\n\t\t\t\t\t\t\t\t  <li>\n\t\t\t\t\t\t\t\t\t<i class=\"icon-close-envelope pull-left\"><\/i>\n\t\t\t\t\t\t\t\t\t<span>Email : info@ciitperu.com<\/span>\n\t\t\t\t\t\t\t\t  <\/li>\n\t\t\t\t\t\t\t\t  <li>\n\t\t\t\t\t\t\t\t\t<i class=\"icon-phone-receiver pull-left\"><\/i>\n\t\t\t\t\t\t\t\t\t<span>Phone : 93752 9282<\/span>\n\t\t\t\t\t\t\t\t  <\/li>\n\t\t\t\t\t\t\t\t  <li>\n\t\t\t\t\t\t\t\t\t<i class=\"icon-facebook-placeholder-for-locate-places-on-maps pull-left\"><\/i>\n\t\t\t\t\t\t\t\t\t<span>Lima, Peru<\/span>\n\t\t\t\t\t\t\t\t  <\/li>\n\t\t\t\t\t\t\t\t<\/ul>\n\t\t\t\t\t\t\t  <\/div>\n\t\t\t\t\t\n\n\t\t\t\t\t\t\t<ul class=\"social\"><li class=\"social-icons-item\"><a class=\"social-id facebook\" title=\"Facebook\" rel=\"nofollow\" target=\"_blank\" href=\"https:\/\/www.facebook.com\/Ciit-Per%C3%BA-1568751456497579\"><span class=\"fab fa-facebook\"><\/span><\/a><\/li><li class=\"social-icons-item\"><a class=\"social-id twitter\" title=\"Twitter\" rel=\"nofollow\" target=\"_blank\" href=\"https:\/\/twitter.com\/CiitPeru\"><span class=\"fab fa-twitter\"><\/span><\/a><\/li><li class=\"social-icons-item\"><a class=\"social-id linkedin\" title=\"LinkedIn\" rel=\"nofollow\" target=\"_blank\" href=\"https:\/\/www.linkedin.com\/company\/27058663\/admin\/\"><span class=\"fab fa-linkedin\"><\/span><\/a><\/li><li class=\"social-icons-item\"><a class=\"social-id youtube\" title=\"YouTube\" rel=\"nofollow\" target=\"_blank\" href=\"https:\/\/www.youtube.com\/channel\/UC9gwNemqbsg03Uf6ZeWQILQ\"><span class=\"fab fa-youtube\"><\/span><\/a><\/li><li class=\"social-icons-item\"><a class=\"social-id instagram\" title=\"Instagram\" rel=\"nofollow\" target=\"_blank\" href=\"https:\/\/www.instagram.com\/ciit.peru\/\"><span class=\"fab fa-instagram\"><\/span><\/a><\/li><\/ul> \n\n\t\t\t\t\t\n\t\t\t\n\t\t\t\n\t\t\t\t\t\t\t<\/div>\n\t\t\t\t\t\t  <\/div>\n\t\t\t\t\t\t\n\t\t\t\t\t\t\n\t\t\t\t\t\t\n\t\t\t\t\t\t  <div class=\"col-sm-6 less-left-0px\">\n\t\t\t\t\t\t\t<div class=\"col-right\">\n\t\t\t\t\t\t\t  <span class=\"seprator-dott hidden-xs\"><\/span>\n\t\t\t\t\t\t\t  <h2><\/h2>\n\t\t\t\t\t\t\t  <div class=\"space20\"><\/div>\n\t\t\t\t\t\t\t  \t<div class=\"jx-wexsummit-contact-form\">\n\t\t\t\t\t\t\t  \t<div role=\"form\" class=\"wpcf7\" id=\"wpcf7-f9182-o1\" lang=\"es-ES\" dir=\"ltr\">\n<div class=\"screen-reader-response\"><p role=\"status\" aria-live=\"polite\" aria-atomic=\"true\"><\/p> <ul><\/ul><\/div>\n<form action=\"\/en\/wp-json\/wp\/v2\/pages\/9175#wpcf7-f9182-o1\" method=\"post\" class=\"wpcf7-form init\" novalidate=\"novalidate\" data-status=\"init\" data-trp-original-action=\"\/en\/wp-json\/wp\/v2\/pages\/9175#wpcf7-f9182-o1\">\n<div style=\"display: none;\">\n<input type=\"hidden\" name=\"_wpcf7\" value=\"9182\" \/>\n<input type=\"hidden\" name=\"_wpcf7_version\" value=\"5.5.3\" \/>\n<input type=\"hidden\" name=\"_wpcf7_locale\" value=\"es_ES\" \/>\n<input type=\"hidden\" name=\"_wpcf7_unit_tag\" value=\"wpcf7-f9182-o1\" \/>\n<input type=\"hidden\" name=\"_wpcf7_container_post\" value=\"0\" \/>\n<input type=\"hidden\" name=\"_wpcf7_posted_data_hash\" value=\"\" \/>\n<\/div>\n<div class=\"home-registration-form\">\n<div class=\"row\">\n<div class=\"col-sm-6\">\n<p><span class=\"wpcf7-form-control-wrap your-name\"><input type=\"text\" name=\"your-name\" value=\"\" size=\"40\" class=\"wpcf7-form-control wpcf7-text wpcf7-validates-as-required\" aria-required=\"true\" aria-invalid=\"false\" placeholder=\"Full name\" \/><\/span> <\/p>\n<\/div>\n<div class=\"col-sm-6\">\n<p><span class=\"wpcf7-form-control-wrap your-email\"><input type=\"email\" name=\"your-email\" value=\"\" size=\"40\" class=\"wpcf7-form-control wpcf7-text wpcf7-email wpcf7-validates-as-required wpcf7-validates-as-email\" aria-required=\"true\" aria-invalid=\"false\" placeholder=\"Email\" \/><\/span> <\/p>\n<\/div>\n<div class=\"col-sm-6\">\n<p><span class=\"wpcf7-form-control-wrap your-telefono\"><input type=\"text\" name=\"your-telefono\" value=\"\" size=\"40\" class=\"wpcf7-form-control wpcf7-text wpcf7-validates-as-required\" aria-required=\"true\" aria-invalid=\"false\" placeholder=\"Phone\" \/><\/span> <\/p>\n<\/div>\n<div class=\"col-sm-6\">\n<p><span class=\"wpcf7-form-control-wrap your-empresa\"><input type=\"text\" name=\"your-empresa\" value=\"\" size=\"40\" class=\"wpcf7-form-control wpcf7-text wpcf7-validates-as-required\" aria-required=\"true\" aria-invalid=\"false\" placeholder=\"Company\" \/><\/span> <\/p>\n<\/div>\n<\/div>\n<div class=\"row\">\n<div class=\"col-sm-6\">\n<p><span class=\"wpcf7-form-control-wrap your-ruc\"><input type=\"text\" name=\"your-ruc\" value=\"\" size=\"40\" class=\"wpcf7-form-control wpcf7-text wpcf7-validates-as-required\" aria-required=\"true\" aria-invalid=\"false\" placeholder=\"RUC\" \/><\/span> <\/p>\n<\/div>\n<div class=\"col-sm-6\">\n<p><span class=\"wpcf7-form-control-wrap your-cargo\"><input type=\"text\" name=\"your-cargo\" value=\"\" size=\"40\" class=\"wpcf7-form-control wpcf7-text wpcf7-validates-as-required\" aria-required=\"true\" aria-invalid=\"false\" placeholder=\"Position\" \/><\/span> <\/p>\n<\/div>\n<div class=\"col-sm-12\">\n<p><span class=\"wpcf7-form-control-wrap textarea-541\"><textarea name=\"textarea-541\" cols=\"40\" rows=\"10\" class=\"wpcf7-form-control wpcf7-textarea\" aria-invalid=\"false\" placeholder=\"Details\"><\/textarea><\/span> <\/p>\n<\/div>\n<div class=\"col-sm-12\">\n<div id=\"cf7sr-69e04210a594a\" class=\"cf7sr-g-recaptcha\" data-theme=\"light\" data-type=\"image\" data-size=\"normal\" data-sitekey=\"6LdACk4qAAAAAC2yCuf6A_l3wmwUIUCQHONf51Vb\"><\/div><span class=\"wpcf7-form-control-wrap cf7sr-recaptcha\" data-name=\"cf7sr-recaptcha\"><input type=\"hidden\" name=\"cf7sr-recaptcha\" value=\"\" class=\"wpcf7-form-control\"><\/span> <\/p>\n<\/div>\n<\/div>\n<div class=\"home-registration-btn\"><input type=\"submit\" value=\"Submit information\" class=\"wpcf7-form-control has-spinner wpcf7-submit\" \/><\/div>\n<\/div>\n<div class=\"wpcf7-response-output\" aria-hidden=\"true\"><\/div><input type=\"hidden\" name=\"trp-form-language\" value=\"en\"\/><\/form><\/div>\n\t\t\t\t\t\t\t\t<\/div>\t\n\t\t\t\t\t\t\t<\/div>\n\t\t\t\t\t\t  <\/div>\n\n\n\n\n\t\t\t\t\t\t<\/div>\n\t\t\t\t\t  <\/div>\n\t\t\t\t\t<\/div>\n\t\t\t\t  <\/div>\n\t\t\t\t<\/div>\n\t\t\t  <\/div>\n          <!-- EDF CONTACT LINKS -->\n\t\t<\/div><\/div><\/div><\/div><\/div><\/section>","protected":false},"excerpt":{"rendered":"Volver a las categor\u00edas de auspicio Quiero ser auspiciador Para conocer m\u00e1s sobre nuestro evento por favor complete este formulario para recibir la informaci\u00f3n de auspicio. Email : info@ciitperu.com Phone : 93752 9282 Lima, Per\u00fa","protected":false},"author":1,"featured_media":0,"parent":0,"menu_order":0,"comment_status":"closed","ping_status":"closed","template":"template-fullwidth-container.php","meta":[],"_links":{"self":[{"href":"https:\/\/ciitlatamcongress.com\/en\/wp-json\/wp\/v2\/pages\/9175"}],"collection":[{"href":"https:\/\/ciitlatamcongress.com\/en\/wp-json\/wp\/v2\/pages"}],"about":[{"href":"https:\/\/ciitlatamcongress.com\/en\/wp-json\/wp\/v2\/types\/page"}],"author":[{"embeddable":true,"href":"https:\/\/ciitlatamcongress.com\/en\/wp-json\/wp\/v2\/users\/1"}],"replies":[{"embeddable":true,"href":"https:\/\/ciitlatamcongress.com\/en\/wp-json\/wp\/v2\/comments?post=9175"}],"version-history":[{"count":13,"href":"https:\/\/ciitlatamcongress.com\/en\/wp-json\/wp\/v2\/pages\/9175\/revisions"}],"predecessor-version":[{"id":10398,"href":"https:\/\/ciitlatamcongress.com\/en\/wp-json\/wp\/v2\/pages\/9175\/revisions\/10398"}],"wp:attachment":[{"href":"https:\/\/ciitlatamcongress.com\/en\/wp-json\/wp\/v2\/media?parent=9175"}],"curies":[{"name":"wp","href":"https:\/\/api.w.org\/{rel}","templated":true}]}}