{"id":4818,"date":"2020-01-08T14:48:31","date_gmt":"2020-01-08T14:48:31","guid":{"rendered":"https:\/\/ciitperu.com\/portal\/?page_id=4818"},"modified":"2022-11-15T16:01:48","modified_gmt":"2022-11-15T16:01:48","slug":"topicos","status":"publish","type":"page","link":"https:\/\/ciitlatamcongress.com\/en\/topicos\/","title":{"rendered":"Topics"},"content":{"rendered":"<section class=\"vc_row wpb_row vc_row-fluid select no\"><div class=\"container\"><div class=\"row\"><div class=\"wpb_column vc_column_container vc_col-sm-2\"><div class=\"vc_column-inner\"><div class=\"wpb_wrapper\"><\/div><\/div><\/div><div class=\"wpb_column vc_column_container vc_col-sm-8\"><div class=\"vc_column-inner\"><div class=\"wpb_wrapper\"><div class=\"vc_row wpb_row vc_inner vc_row-fluid\"><div class=\"wpb_column vc_column_container vc_col-sm-1\/5\"><div class=\"vc_column-inner\"><div class=\"wpb_wrapper\">\n\t<div  class=\"wpb_single_image wpb_content_element vc_align_center  vc_custom_1668526720283\">\n\t\t\n\t\t<figure class=\"wpb_wrapper vc_figure\">\n\t\t\t<div class=\"vc_single_image-wrapper   vc_box_border_grey\"><img width=\"150\" height=\"150\" src=\"https:\/\/ciitlatamcongress.com\/wp-content\/uploads\/2022\/11\/1-150x150.png\" class=\"vc_single_image-img attachment-thumbnail\" alt=\"\" loading=\"lazy\" srcset=\"https:\/\/ciitlatamcongress.com\/wp-content\/uploads\/2022\/11\/1-150x150.png 150w, https:\/\/ciitlatamcongress.com\/wp-content\/uploads\/2022\/11\/1-255x255.png 255w, https:\/\/ciitlatamcongress.com\/wp-content\/uploads\/2022\/11\/1-70x70.png 70w, https:\/\/ciitlatamcongress.com\/wp-content\/uploads\/2022\/11\/1-120x120.png 120w, https:\/\/ciitlatamcongress.com\/wp-content\/uploads\/2022\/11\/1-260x260.png 260w, https:\/\/ciitlatamcongress.com\/wp-content\/uploads\/2022\/11\/1-160x160.png 160w\" sizes=\"(max-width: 150px) 100vw, 150px\" \/><\/div>\n\t\t<\/figure>\n\t<\/div>\n\n\t<div class=\"wpb_text_column wpb_content_element\" >\n\t\t<div class=\"wpb_wrapper\">\n\t\t\t<p style=\"text-align: center;\"><strong><span style=\"color: #800080;\">Automatizaci\u00f3n Industrial<\/span><\/strong><\/p>\n\n\t\t<\/div>\n\t<\/div>\n<\/div><\/div><\/div><div class=\"wpb_column vc_column_container vc_col-sm-1\/5\"><div class=\"vc_column-inner\"><div class=\"wpb_wrapper\">\n\t<div  class=\"wpb_single_image wpb_content_element vc_align_center  vc_custom_1668526744412\">\n\t\t\n\t\t<figure class=\"wpb_wrapper vc_figure\">\n\t\t\t<div class=\"vc_single_image-wrapper   vc_box_border_grey\"><img width=\"150\" height=\"150\" src=\"https:\/\/ciitlatamcongress.com\/wp-content\/uploads\/2022\/11\/2-150x150.png\" class=\"vc_single_image-img attachment-thumbnail\" alt=\"\" loading=\"lazy\" srcset=\"https:\/\/ciitlatamcongress.com\/wp-content\/uploads\/2022\/11\/2-150x150.png 150w, https:\/\/ciitlatamcongress.com\/wp-content\/uploads\/2022\/11\/2-255x255.png 255w, https:\/\/ciitlatamcongress.com\/wp-content\/uploads\/2022\/11\/2-70x70.png 70w, https:\/\/ciitlatamcongress.com\/wp-content\/uploads\/2022\/11\/2-120x120.png 120w, https:\/\/ciitlatamcongress.com\/wp-content\/uploads\/2022\/11\/2-260x260.png 260w, https:\/\/ciitlatamcongress.com\/wp-content\/uploads\/2022\/11\/2-160x160.png 160w\" sizes=\"(max-width: 150px) 100vw, 150px\" \/><\/div>\n\t\t<\/figure>\n\t<\/div>\n\n\t<div class=\"wpb_text_column wpb_content_element\" >\n\t\t<div class=\"wpb_wrapper\">\n\t\t\t<p style=\"text-align: center;\"><strong><span style=\"color: #800080;\">Big Data<\/span><\/strong><\/p>\n\n\t\t<\/div>\n\t<\/div>\n<\/div><\/div><\/div><div class=\"wpb_column vc_column_container vc_col-sm-1\/5\"><div class=\"vc_column-inner\"><div class=\"wpb_wrapper\">\n\t<div  class=\"wpb_single_image wpb_content_element vc_align_center  vc_custom_1668526807499\">\n\t\t\n\t\t<figure class=\"wpb_wrapper vc_figure\">\n\t\t\t<div class=\"vc_single_image-wrapper   vc_box_border_grey\"><img width=\"150\" height=\"150\" src=\"https:\/\/ciitlatamcongress.com\/wp-content\/uploads\/2022\/11\/3-150x150.png\" class=\"vc_single_image-img attachment-thumbnail\" alt=\"\" loading=\"lazy\" srcset=\"https:\/\/ciitlatamcongress.com\/wp-content\/uploads\/2022\/11\/3-150x150.png 150w, https:\/\/ciitlatamcongress.com\/wp-content\/uploads\/2022\/11\/3-255x255.png 255w, https:\/\/ciitlatamcongress.com\/wp-content\/uploads\/2022\/11\/3-70x70.png 70w, https:\/\/ciitlatamcongress.com\/wp-content\/uploads\/2022\/11\/3-120x120.png 120w, https:\/\/ciitlatamcongress.com\/wp-content\/uploads\/2022\/11\/3-260x260.png 260w, https:\/\/ciitlatamcongress.com\/wp-content\/uploads\/2022\/11\/3-160x160.png 160w\" sizes=\"(max-width: 150px) 100vw, 150px\" \/><\/div>\n\t\t<\/figure>\n\t<\/div>\n\n\t<div class=\"wpb_text_column wpb_content_element\" >\n\t\t<div class=\"wpb_wrapper\">\n\t\t\t<p style=\"text-align: center;\"><strong><span style=\"color: #800080;\">Data Analytics &amp; Data Software<\/span><\/strong><\/p>\n\n\t\t<\/div>\n\t<\/div>\n<\/div><\/div><\/div><div class=\"wpb_column vc_column_container vc_col-sm-1\/5\"><div class=\"vc_column-inner\"><div class=\"wpb_wrapper\">\n\t<div  class=\"wpb_single_image wpb_content_element vc_align_center  vc_custom_1668526775452\">\n\t\t\n\t\t<figure class=\"wpb_wrapper vc_figure\">\n\t\t\t<div class=\"vc_single_image-wrapper   vc_box_border_grey\"><img width=\"150\" height=\"150\" src=\"https:\/\/ciitlatamcongress.com\/wp-content\/uploads\/2022\/11\/4-150x150.png\" class=\"vc_single_image-img attachment-thumbnail\" alt=\"\" loading=\"lazy\" srcset=\"https:\/\/ciitlatamcongress.com\/wp-content\/uploads\/2022\/11\/4-150x150.png 150w, https:\/\/ciitlatamcongress.com\/wp-content\/uploads\/2022\/11\/4-255x255.png 255w, https:\/\/ciitlatamcongress.com\/wp-content\/uploads\/2022\/11\/4-70x70.png 70w, https:\/\/ciitlatamcongress.com\/wp-content\/uploads\/2022\/11\/4-120x120.png 120w, https:\/\/ciitlatamcongress.com\/wp-content\/uploads\/2022\/11\/4-260x260.png 260w, https:\/\/ciitlatamcongress.com\/wp-content\/uploads\/2022\/11\/4-160x160.png 160w\" sizes=\"(max-width: 150px) 100vw, 150px\" \/><\/div>\n\t\t<\/figure>\n\t<\/div>\n\n\t<div class=\"wpb_text_column wpb_content_element\" >\n\t\t<div class=\"wpb_wrapper\">\n\t\t\t<p style=\"text-align: center;\"><strong><span style=\"color: #800080;\">Transformaci\u00f3n Digital<\/span><\/strong><\/p>\n\n\t\t<\/div>\n\t<\/div>\n<\/div><\/div><\/div><div class=\"wpb_column vc_column_container vc_col-sm-1\/5\"><div class=\"vc_column-inner\"><div class=\"wpb_wrapper\">\n\t<div  class=\"wpb_single_image wpb_content_element vc_align_center  vc_custom_1668526787002\">\n\t\t\n\t\t<figure class=\"wpb_wrapper vc_figure\">\n\t\t\t<div class=\"vc_single_image-wrapper   vc_box_border_grey\"><img width=\"150\" height=\"150\" src=\"https:\/\/ciitlatamcongress.com\/wp-content\/uploads\/2022\/11\/5-150x150.png\" class=\"vc_single_image-img attachment-thumbnail\" alt=\"\" loading=\"lazy\" srcset=\"https:\/\/ciitlatamcongress.com\/wp-content\/uploads\/2022\/11\/5-150x150.png 150w, https:\/\/ciitlatamcongress.com\/wp-content\/uploads\/2022\/11\/5-255x255.png 255w, https:\/\/ciitlatamcongress.com\/wp-content\/uploads\/2022\/11\/5-70x70.png 70w, https:\/\/ciitlatamcongress.com\/wp-content\/uploads\/2022\/11\/5-120x120.png 120w, https:\/\/ciitlatamcongress.com\/wp-content\/uploads\/2022\/11\/5-260x260.png 260w, https:\/\/ciitlatamcongress.com\/wp-content\/uploads\/2022\/11\/5-160x160.png 160w\" sizes=\"(max-width: 150px) 100vw, 150px\" \/><\/div>\n\t\t<\/figure>\n\t<\/div>\n\n\t<div class=\"wpb_text_column wpb_content_element\" >\n\t\t<div class=\"wpb_wrapper\">\n\t\t\t<p style=\"text-align: center;\"><strong><span style=\"color: #800080;\">Ciberseguridad<\/span><\/strong><\/p>\n\n\t\t<\/div>\n\t<\/div>\n<\/div><\/div><\/div><\/div><\/div><\/div><\/div><div class=\"wpb_column vc_column_container vc_col-sm-2\"><div class=\"vc_column-inner\"><div class=\"wpb_wrapper\"><\/div><\/div><\/div><\/div><\/div><\/section><section class=\"vc_row wpb_row vc_row-fluid select no\"><div class=\"container\"><div class=\"row\"><div class=\"wpb_column vc_column_container vc_col-sm-2\"><div class=\"vc_column-inner\"><div class=\"wpb_wrapper\"><\/div><\/div><\/div><div class=\"wpb_column vc_column_container vc_col-sm-8\"><div class=\"vc_column-inner\"><div class=\"wpb_wrapper\"><div class=\"vc_separator wpb_content_element vc_separator_align_center vc_sep_width_100 vc_sep_pos_align_center vc_separator_no_text vc_sep_color_grey\" ><span class=\"vc_sep_holder vc_sep_holder_l\"><span  class=\"vc_sep_line\"><\/span><\/span><span class=\"vc_sep_holder vc_sep_holder_r\"><span  class=\"vc_sep_line\"><\/span><\/span>\n<\/div><\/div><\/div><\/div><div class=\"wpb_column vc_column_container vc_col-sm-2\"><div class=\"vc_column-inner\"><div class=\"wpb_wrapper\"><\/div><\/div><\/div><\/div><\/div><\/section><section class=\"vc_row wpb_row vc_row-fluid select no\"><div class=\"container\"><div class=\"row\"><div class=\"wpb_column vc_column_container vc_col-sm-2\"><div class=\"vc_column-inner\"><div class=\"wpb_wrapper\"><\/div><\/div><\/div><div class=\"wpb_column vc_column_container vc_col-sm-8\"><div class=\"vc_column-inner\"><div class=\"wpb_wrapper\"><div class=\"vc_row wpb_row vc_inner vc_row-fluid\"><div class=\"wpb_column vc_column_container vc_col-sm-1\/5\"><div class=\"vc_column-inner\"><div class=\"wpb_wrapper\">\n\t<div  class=\"wpb_single_image wpb_content_element vc_align_center  vc_custom_1668527260609\">\n\t\t\n\t\t<figure class=\"wpb_wrapper vc_figure\">\n\t\t\t<div class=\"vc_single_image-wrapper   vc_box_border_grey\"><img width=\"150\" height=\"150\" src=\"https:\/\/ciitlatamcongress.com\/wp-content\/uploads\/2022\/11\/6-150x150.png\" class=\"vc_single_image-img attachment-thumbnail\" alt=\"\" loading=\"lazy\" srcset=\"https:\/\/ciitlatamcongress.com\/wp-content\/uploads\/2022\/11\/6-150x150.png 150w, https:\/\/ciitlatamcongress.com\/wp-content\/uploads\/2022\/11\/6-255x255.png 255w, https:\/\/ciitlatamcongress.com\/wp-content\/uploads\/2022\/11\/6-70x70.png 70w, https:\/\/ciitlatamcongress.com\/wp-content\/uploads\/2022\/11\/6-120x120.png 120w, https:\/\/ciitlatamcongress.com\/wp-content\/uploads\/2022\/11\/6-260x260.png 260w, https:\/\/ciitlatamcongress.com\/wp-content\/uploads\/2022\/11\/6-160x160.png 160w\" sizes=\"(max-width: 150px) 100vw, 150px\" \/><\/div>\n\t\t<\/figure>\n\t<\/div>\n\n\t<div class=\"wpb_text_column wpb_content_element\" >\n\t\t<div class=\"wpb_wrapper\">\n\t\t\t<p style=\"text-align: center;\"><strong><span style=\"color: #800080;\">Digital Twin<\/span><\/strong><\/p>\n\n\t\t<\/div>\n\t<\/div>\n<\/div><\/div><\/div><div class=\"wpb_column vc_column_container vc_col-sm-1\/5\"><div class=\"vc_column-inner\"><div class=\"wpb_wrapper\">\n\t<div  class=\"wpb_single_image wpb_content_element vc_align_center  vc_custom_1668527270518\">\n\t\t\n\t\t<figure class=\"wpb_wrapper vc_figure\">\n\t\t\t<div class=\"vc_single_image-wrapper   vc_box_border_grey\"><img width=\"150\" height=\"150\" src=\"https:\/\/ciitlatamcongress.com\/wp-content\/uploads\/2022\/11\/7-1-150x150.png\" class=\"vc_single_image-img attachment-thumbnail\" alt=\"\" loading=\"lazy\" srcset=\"https:\/\/ciitlatamcongress.com\/wp-content\/uploads\/2022\/11\/7-1-150x150.png 150w, https:\/\/ciitlatamcongress.com\/wp-content\/uploads\/2022\/11\/7-1-255x255.png 255w, https:\/\/ciitlatamcongress.com\/wp-content\/uploads\/2022\/11\/7-1-70x70.png 70w, https:\/\/ciitlatamcongress.com\/wp-content\/uploads\/2022\/11\/7-1-120x120.png 120w, https:\/\/ciitlatamcongress.com\/wp-content\/uploads\/2022\/11\/7-1-260x260.png 260w, https:\/\/ciitlatamcongress.com\/wp-content\/uploads\/2022\/11\/7-1-160x160.png 160w\" sizes=\"(max-width: 150px) 100vw, 150px\" \/><\/div>\n\t\t<\/figure>\n\t<\/div>\n\n\t<div class=\"wpb_text_column wpb_content_element\" >\n\t\t<div class=\"wpb_wrapper\">\n\t\t\t<p style=\"text-align: center;\"><strong><span style=\"color: #800080;\">Connectivity<\/span><\/strong><\/p>\n\n\t\t<\/div>\n\t<\/div>\n<\/div><\/div><\/div><div class=\"wpb_column vc_column_container vc_col-sm-1\/5\"><div class=\"vc_column-inner\"><div class=\"wpb_wrapper\">\n\t<div  class=\"wpb_single_image wpb_content_element vc_align_center  vc_custom_1668527300096\">\n\t\t\n\t\t<figure class=\"wpb_wrapper vc_figure\">\n\t\t\t<div class=\"vc_single_image-wrapper   vc_box_border_grey\"><img width=\"150\" height=\"150\" src=\"https:\/\/ciitlatamcongress.com\/wp-content\/uploads\/2022\/11\/8-150x150.png\" class=\"vc_single_image-img attachment-thumbnail\" alt=\"\" loading=\"lazy\" srcset=\"https:\/\/ciitlatamcongress.com\/wp-content\/uploads\/2022\/11\/8-150x150.png 150w, https:\/\/ciitlatamcongress.com\/wp-content\/uploads\/2022\/11\/8-255x255.png 255w, https:\/\/ciitlatamcongress.com\/wp-content\/uploads\/2022\/11\/8-70x70.png 70w, https:\/\/ciitlatamcongress.com\/wp-content\/uploads\/2022\/11\/8-120x120.png 120w, https:\/\/ciitlatamcongress.com\/wp-content\/uploads\/2022\/11\/8-260x260.png 260w, https:\/\/ciitlatamcongress.com\/wp-content\/uploads\/2022\/11\/8-160x160.png 160w\" sizes=\"(max-width: 150px) 100vw, 150px\" \/><\/div>\n\t\t<\/figure>\n\t<\/div>\n\n\t<div class=\"wpb_text_column wpb_content_element\" >\n\t\t<div class=\"wpb_wrapper\">\n\t\t\t<p style=\"text-align: center;\"><strong><span style=\"color: #800080;\">Desarrollo Energ\u00e9tico<\/span><\/strong><\/p>\n\n\t\t<\/div>\n\t<\/div>\n<\/div><\/div><\/div><div class=\"wpb_column vc_column_container vc_col-sm-1\/5\"><div class=\"vc_column-inner\"><div class=\"wpb_wrapper\">\n\t<div  class=\"wpb_single_image wpb_content_element vc_align_center  vc_custom_1668527366695\">\n\t\t\n\t\t<figure class=\"wpb_wrapper vc_figure\">\n\t\t\t<div class=\"vc_single_image-wrapper   vc_box_border_grey\"><img width=\"150\" height=\"150\" src=\"https:\/\/ciitlatamcongress.com\/wp-content\/uploads\/2022\/11\/9-150x150.png\" class=\"vc_single_image-img attachment-thumbnail\" alt=\"\" loading=\"lazy\" srcset=\"https:\/\/ciitlatamcongress.com\/wp-content\/uploads\/2022\/11\/9-150x150.png 150w, https:\/\/ciitlatamcongress.com\/wp-content\/uploads\/2022\/11\/9-255x255.png 255w, https:\/\/ciitlatamcongress.com\/wp-content\/uploads\/2022\/11\/9-70x70.png 70w, https:\/\/ciitlatamcongress.com\/wp-content\/uploads\/2022\/11\/9-120x120.png 120w, https:\/\/ciitlatamcongress.com\/wp-content\/uploads\/2022\/11\/9-260x260.png 260w, https:\/\/ciitlatamcongress.com\/wp-content\/uploads\/2022\/11\/9-160x160.png 160w\" sizes=\"(max-width: 150px) 100vw, 150px\" \/><\/div>\n\t\t<\/figure>\n\t<\/div>\n\n\t<div class=\"wpb_text_column wpb_content_element\" >\n\t\t<div class=\"wpb_wrapper\">\n\t\t\t<p style=\"text-align: center;\"><span style=\"color: #000080;\"><strong>Sistema CCTV inteligentes<\/strong><\/span><\/p>\n\n\t\t<\/div>\n\t<\/div>\n<\/div><\/div><\/div><div class=\"wpb_column vc_column_container vc_col-sm-1\/5\"><div class=\"vc_column-inner\"><div class=\"wpb_wrapper\">\n\t<div  class=\"wpb_single_image wpb_content_element vc_align_center  vc_custom_1668527379363\">\n\t\t\n\t\t<figure class=\"wpb_wrapper vc_figure\">\n\t\t\t<div class=\"vc_single_image-wrapper   vc_box_border_grey\"><img width=\"150\" height=\"150\" src=\"https:\/\/ciitlatamcongress.com\/wp-content\/uploads\/2022\/11\/10-150x150.png\" class=\"vc_single_image-img attachment-thumbnail\" alt=\"\" loading=\"lazy\" srcset=\"https:\/\/ciitlatamcongress.com\/wp-content\/uploads\/2022\/11\/10-150x150.png 150w, https:\/\/ciitlatamcongress.com\/wp-content\/uploads\/2022\/11\/10-255x255.png 255w, https:\/\/ciitlatamcongress.com\/wp-content\/uploads\/2022\/11\/10-70x70.png 70w, https:\/\/ciitlatamcongress.com\/wp-content\/uploads\/2022\/11\/10-120x120.png 120w, https:\/\/ciitlatamcongress.com\/wp-content\/uploads\/2022\/11\/10-260x260.png 260w, https:\/\/ciitlatamcongress.com\/wp-content\/uploads\/2022\/11\/10-160x160.png 160w\" sizes=\"(max-width: 150px) 100vw, 150px\" \/><\/div>\n\t\t<\/figure>\n\t<\/div>\n\n\t<div class=\"wpb_text_column wpb_content_element\" >\n\t\t<div class=\"wpb_wrapper\">\n\t\t\t<p style=\"text-align: center;\"><span style=\"color: #000080;\"><strong>Inteligencia Artificial<\/strong><\/span><\/p>\n\n\t\t<\/div>\n\t<\/div>\n<\/div><\/div><\/div><\/div><\/div><\/div><\/div><div class=\"wpb_column vc_column_container vc_col-sm-2\"><div class=\"vc_column-inner\"><div class=\"wpb_wrapper\"><\/div><\/div><\/div><\/div><\/div><\/section><section class=\"vc_row wpb_row vc_row-fluid select no\"><div class=\"container\"><div class=\"row\"><div class=\"wpb_column vc_column_container vc_col-sm-2\"><div class=\"vc_column-inner\"><div class=\"wpb_wrapper\"><\/div><\/div><\/div><div class=\"wpb_column vc_column_container vc_col-sm-8\"><div class=\"vc_column-inner\"><div class=\"wpb_wrapper\"><div class=\"vc_separator wpb_content_element vc_separator_align_center vc_sep_width_100 vc_sep_pos_align_center vc_separator_no_text vc_sep_color_grey\" ><span class=\"vc_sep_holder vc_sep_holder_l\"><span  class=\"vc_sep_line\"><\/span><\/span><span class=\"vc_sep_holder vc_sep_holder_r\"><span  class=\"vc_sep_line\"><\/span><\/span>\n<\/div><\/div><\/div><\/div><div class=\"wpb_column vc_column_container vc_col-sm-2\"><div class=\"vc_column-inner\"><div class=\"wpb_wrapper\"><\/div><\/div><\/div><\/div><\/div><\/section><section class=\"vc_row wpb_row vc_row-fluid select no\"><div class=\"container\"><div class=\"row\"><div class=\"wpb_column vc_column_container vc_col-sm-2\"><div class=\"vc_column-inner\"><div class=\"wpb_wrapper\"><\/div><\/div><\/div><div class=\"wpb_column vc_column_container vc_col-sm-8\"><div class=\"vc_column-inner\"><div class=\"wpb_wrapper\"><div class=\"vc_row wpb_row vc_inner vc_row-fluid\"><div class=\"wpb_column vc_column_container vc_col-sm-1\/5\"><div class=\"vc_column-inner\"><div class=\"wpb_wrapper\">\n\t<div  class=\"wpb_single_image wpb_content_element vc_align_center  vc_custom_1668527972371\">\n\t\t\n\t\t<figure class=\"wpb_wrapper vc_figure\">\n\t\t\t<div class=\"vc_single_image-wrapper   vc_box_border_grey\"><img width=\"150\" height=\"150\" src=\"https:\/\/ciitlatamcongress.com\/wp-content\/uploads\/2022\/11\/11-150x150.png\" class=\"vc_single_image-img attachment-thumbnail\" alt=\"\" loading=\"lazy\" srcset=\"https:\/\/ciitlatamcongress.com\/wp-content\/uploads\/2022\/11\/11-150x150.png 150w, https:\/\/ciitlatamcongress.com\/wp-content\/uploads\/2022\/11\/11-255x255.png 255w, https:\/\/ciitlatamcongress.com\/wp-content\/uploads\/2022\/11\/11-70x70.png 70w, https:\/\/ciitlatamcongress.com\/wp-content\/uploads\/2022\/11\/11-120x120.png 120w, https:\/\/ciitlatamcongress.com\/wp-content\/uploads\/2022\/11\/11-260x260.png 260w, https:\/\/ciitlatamcongress.com\/wp-content\/uploads\/2022\/11\/11-160x160.png 160w\" sizes=\"(max-width: 150px) 100vw, 150px\" \/><\/div>\n\t\t<\/figure>\n\t<\/div>\n\n\t<div class=\"wpb_text_column wpb_content_element\" >\n\t\t<div class=\"wpb_wrapper\">\n\t\t\t<p style=\"text-align: center;\"><span style=\"color: #000080;\"><strong>Telemetry<\/strong><\/span><\/p>\n\n\t\t<\/div>\n\t<\/div>\n<\/div><\/div><\/div><div class=\"wpb_column vc_column_container vc_col-sm-1\/5\"><div class=\"vc_column-inner\"><div class=\"wpb_wrapper\">\n\t<div  class=\"wpb_single_image wpb_content_element vc_align_center  vc_custom_1668527981919\">\n\t\t\n\t\t<figure class=\"wpb_wrapper vc_figure\">\n\t\t\t<div class=\"vc_single_image-wrapper   vc_box_border_grey\"><img width=\"150\" height=\"150\" src=\"https:\/\/ciitlatamcongress.com\/wp-content\/uploads\/2022\/11\/12-150x150.png\" class=\"vc_single_image-img attachment-thumbnail\" alt=\"\" loading=\"lazy\" srcset=\"https:\/\/ciitlatamcongress.com\/wp-content\/uploads\/2022\/11\/12-150x150.png 150w, https:\/\/ciitlatamcongress.com\/wp-content\/uploads\/2022\/11\/12-255x255.png 255w, https:\/\/ciitlatamcongress.com\/wp-content\/uploads\/2022\/11\/12-70x70.png 70w, https:\/\/ciitlatamcongress.com\/wp-content\/uploads\/2022\/11\/12-120x120.png 120w, https:\/\/ciitlatamcongress.com\/wp-content\/uploads\/2022\/11\/12-260x260.png 260w, https:\/\/ciitlatamcongress.com\/wp-content\/uploads\/2022\/11\/12-160x160.png 160w\" sizes=\"(max-width: 150px) 100vw, 150px\" \/><\/div>\n\t\t<\/figure>\n\t<\/div>\n\n\t<div class=\"wpb_text_column wpb_content_element\" >\n\t\t<div class=\"wpb_wrapper\">\n\t\t\t<p style=\"text-align: center;\"><span style=\"color: #000080;\"><strong>Anticolisi\u00f3n y Antifatiga<\/strong><\/span><\/p>\n\n\t\t<\/div>\n\t<\/div>\n<\/div><\/div><\/div><div class=\"wpb_column vc_column_container vc_col-sm-1\/5\"><div class=\"vc_column-inner\"><div class=\"wpb_wrapper\">\n\t<div  class=\"wpb_single_image wpb_content_element vc_align_center  vc_custom_1668527990257\">\n\t\t\n\t\t<figure class=\"wpb_wrapper vc_figure\">\n\t\t\t<div class=\"vc_single_image-wrapper   vc_box_border_grey\"><img width=\"150\" height=\"150\" src=\"https:\/\/ciitlatamcongress.com\/wp-content\/uploads\/2022\/11\/13-150x150.png\" class=\"vc_single_image-img attachment-thumbnail\" alt=\"\" loading=\"lazy\" srcset=\"https:\/\/ciitlatamcongress.com\/wp-content\/uploads\/2022\/11\/13-150x150.png 150w, https:\/\/ciitlatamcongress.com\/wp-content\/uploads\/2022\/11\/13-255x255.png 255w, https:\/\/ciitlatamcongress.com\/wp-content\/uploads\/2022\/11\/13-70x70.png 70w, https:\/\/ciitlatamcongress.com\/wp-content\/uploads\/2022\/11\/13-120x120.png 120w, https:\/\/ciitlatamcongress.com\/wp-content\/uploads\/2022\/11\/13-260x260.png 260w, https:\/\/ciitlatamcongress.com\/wp-content\/uploads\/2022\/11\/13-160x160.png 160w\" sizes=\"(max-width: 150px) 100vw, 150px\" \/><\/div>\n\t\t<\/figure>\n\t<\/div>\n\n\t<div class=\"wpb_text_column wpb_content_element\" >\n\t\t<div class=\"wpb_wrapper\">\n\t\t\t<p style=\"text-align: center;\"><span style=\"color: #000080;\"><strong>VR &amp; AR<\/strong><\/span><\/p>\n\n\t\t<\/div>\n\t<\/div>\n<\/div><\/div><\/div><div class=\"wpb_column vc_column_container vc_col-sm-1\/5\"><div class=\"vc_column-inner\"><div class=\"wpb_wrapper\">\n\t<div  class=\"wpb_single_image wpb_content_element vc_align_center  vc_custom_1668528000158\">\n\t\t\n\t\t<figure class=\"wpb_wrapper vc_figure\">\n\t\t\t<div class=\"vc_single_image-wrapper   vc_box_border_grey\"><img width=\"150\" height=\"150\" src=\"https:\/\/ciitlatamcongress.com\/wp-content\/uploads\/2022\/11\/14-1-150x150.png\" class=\"vc_single_image-img attachment-thumbnail\" alt=\"\" loading=\"lazy\" srcset=\"https:\/\/ciitlatamcongress.com\/wp-content\/uploads\/2022\/11\/14-1-150x150.png 150w, https:\/\/ciitlatamcongress.com\/wp-content\/uploads\/2022\/11\/14-1-255x255.png 255w, https:\/\/ciitlatamcongress.com\/wp-content\/uploads\/2022\/11\/14-1-70x70.png 70w, https:\/\/ciitlatamcongress.com\/wp-content\/uploads\/2022\/11\/14-1-120x120.png 120w, https:\/\/ciitlatamcongress.com\/wp-content\/uploads\/2022\/11\/14-1-260x260.png 260w, https:\/\/ciitlatamcongress.com\/wp-content\/uploads\/2022\/11\/14-1-160x160.png 160w\" sizes=\"(max-width: 150px) 100vw, 150px\" \/><\/div>\n\t\t<\/figure>\n\t<\/div>\n\n\t<div class=\"wpb_text_column wpb_content_element\" >\n\t\t<div class=\"wpb_wrapper\">\n\t\t\t<p style=\"text-align: center;\"><span style=\"color: #000080;\"><strong>Rob\u00f3tica y Drones<\/strong><\/span><\/p>\n\n\t\t<\/div>\n\t<\/div>\n<\/div><\/div><\/div><div class=\"wpb_column vc_column_container vc_col-sm-1\/5\"><div class=\"vc_column-inner\"><div class=\"wpb_wrapper\">\n\t<div  class=\"wpb_single_image wpb_content_element vc_align_center  vc_custom_1668528009958\">\n\t\t\n\t\t<figure class=\"wpb_wrapper vc_figure\">\n\t\t\t<div class=\"vc_single_image-wrapper   vc_box_border_grey\"><img width=\"150\" height=\"150\" src=\"https:\/\/ciitlatamcongress.com\/wp-content\/uploads\/2022\/11\/15-150x150.png\" class=\"vc_single_image-img attachment-thumbnail\" alt=\"\" loading=\"lazy\" srcset=\"https:\/\/ciitlatamcongress.com\/wp-content\/uploads\/2022\/11\/15-150x150.png 150w, https:\/\/ciitlatamcongress.com\/wp-content\/uploads\/2022\/11\/15-255x255.png 255w, https:\/\/ciitlatamcongress.com\/wp-content\/uploads\/2022\/11\/15-70x70.png 70w, https:\/\/ciitlatamcongress.com\/wp-content\/uploads\/2022\/11\/15-120x120.png 120w, https:\/\/ciitlatamcongress.com\/wp-content\/uploads\/2022\/11\/15-260x260.png 260w, https:\/\/ciitlatamcongress.com\/wp-content\/uploads\/2022\/11\/15-160x160.png 160w\" sizes=\"(max-width: 150px) 100vw, 150px\" \/><\/div>\n\t\t<\/figure>\n\t<\/div>\n\n\t<div class=\"wpb_text_column wpb_content_element\" >\n\t\t<div class=\"wpb_wrapper\">\n\t\t\t<p style=\"text-align: center;\"><span style=\"color: #000080;\"><strong>Radio Comunicaci\u00f3n<\/strong><\/span><\/p>\n\n\t\t<\/div>\n\t<\/div>\n<\/div><\/div><\/div><\/div><\/div><\/div><\/div><div class=\"wpb_column vc_column_container vc_col-sm-2\"><div class=\"vc_column-inner\"><div class=\"wpb_wrapper\"><\/div><\/div><\/div><\/div><\/div><\/section>","protected":false},"excerpt":{"rendered":"Automatizaci\u00f3n Industrial Big Data Data Analytics &amp; Data Software Transformaci\u00f3n Digital Ciberseguridad Digital Twin Conectividad Desarrollo Energ\u00e9tico Sistema CCTV inteligentes Inteligencia Artificial Telemetr\u00eda Anticolisi\u00f3n y Antifatiga VR &amp; AR Rob\u00f3tica y Drones Radio Comunicaci\u00f3n","protected":false},"author":1,"featured_media":0,"parent":0,"menu_order":0,"comment_status":"closed","ping_status":"closed","template":"template-fullwidth-container.php","meta":[],"_links":{"self":[{"href":"https:\/\/ciitlatamcongress.com\/en\/wp-json\/wp\/v2\/pages\/4818"}],"collection":[{"href":"https:\/\/ciitlatamcongress.com\/en\/wp-json\/wp\/v2\/pages"}],"about":[{"href":"https:\/\/ciitlatamcongress.com\/en\/wp-json\/wp\/v2\/types\/page"}],"author":[{"embeddable":true,"href":"https:\/\/ciitlatamcongress.com\/en\/wp-json\/wp\/v2\/users\/1"}],"replies":[{"embeddable":true,"href":"https:\/\/ciitlatamcongress.com\/en\/wp-json\/wp\/v2\/comments?post=4818"}],"version-history":[{"count":17,"href":"https:\/\/ciitlatamcongress.com\/en\/wp-json\/wp\/v2\/pages\/4818\/revisions"}],"predecessor-version":[{"id":7082,"href":"https:\/\/ciitlatamcongress.com\/en\/wp-json\/wp\/v2\/pages\/4818\/revisions\/7082"}],"wp:attachment":[{"href":"https:\/\/ciitlatamcongress.com\/en\/wp-json\/wp\/v2\/media?parent=4818"}],"curies":[{"name":"wp","href":"https:\/\/api.w.org\/{rel}","templated":true}]}}